{"id":3812,"date":"2021-06-08T05:47:38","date_gmt":"2021-06-08T05:47:38","guid":{"rendered":"https:\/\/fdd.webeeline.com\/?page_id=3812"},"modified":"2022-06-17T07:49:03","modified_gmt":"2022-06-17T07:49:03","slug":"team","status":"publish","type":"page","link":"https:\/\/www.fra-de.com\/de\/team\/","title":{"rendered":"Team"},"content":{"rendered":"<p>[vc_row css=&#8221;.vc_custom_1622717115350{padding-top: 85px !important;padding-bottom: 0px !important;}&#8221;][vc_column width=&#8221;1\/2&#8243; css=&#8221;.vc_custom_1575381822868{padding-bottom: 30px !important;}&#8221;]<div id=\"ultimate-heading-87969f7620b99b27\" class=\"uvc-heading ult-adjust-bottom-margin ultimate-heading-87969f7620b99b27 uvc-945 \" data-hspacer=\"no_spacer\"  data-halign=\"left\" style=\"text-align:left\"><div class=\"uvc-heading-spacer no_spacer\" style=\"top\"><\/div><div class=\"uvc-main-heading ult-responsive\"  data-ultimate-target='.uvc-heading.ultimate-heading-87969f7620b99b27 h2'  data-responsive-json-new='{\"font-size\":\"desktop:34px;\",\"line-height\":\"desktop:44px;\"}' ><h2 style=\"font-weight:bold;color:#222222;\">France Deutschland Development Team<\/h2><\/div><\/div>[\/vc_column][vc_column width=&#8221;1\/2&#8243; css=&#8221;.vc_custom_1575381842338{padding-bottom: 30px !important;}&#8221;][vc_column_text]France Deutschland Development ist der Zusammenschluss drei franz\u00f6sischsprachiger Unternehmen, die seit mehr als 10 Jahren in Deutschland pr\u00e4sent sind und das gesamte Immobilienspektrum abdecken: von der Suche nach einem Grundst\u00fcck oder einer Immobilie \u00fcber den Bau oder die Renovierung bis hin zu Beratung, Verwaltung und Verkauf des Objekts.[\/vc_column_text][\/vc_column][\/vc_row][vc_row css=&#8221;.vc_custom_1622717134155{padding-top: 0px !important;padding-bottom: 5px !important;}&#8221;][vc_column width=&#8221;1\/3&#8243; css=&#8221;.vc_custom_1575381822868{padding-bottom: 30px !important;}&#8221;][vc_single_image image=&#8221;3632&#8243; img_size=&#8221;medium&#8221; alignment=&#8221;center&#8221; onclick=&#8221;custom_link&#8221; img_link_target=&#8221;_blank&#8221; link=&#8221;https:\/\/www.aden-immo.com&#8221;][\/vc_column][vc_column width=&#8221;1\/3&#8243;][vc_single_image image=&#8221;3638&#8243; img_size=&#8221;medium&#8221; alignment=&#8221;center&#8221;][\/vc_column][vc_column width=&#8221;1\/3&#8243;][vc_single_image image=&#8221;3635&#8243; img_size=&#8221;medium&#8221; alignment=&#8221;center&#8221; onclick=&#8221;custom_link&#8221; img_link_target=&#8221;_blank&#8221; link=&#8221;https:\/\/www.underconstruction.berlin\/&#8221;][\/vc_column][\/vc_row][vc_section full_width=&#8221;stretch_row&#8221; css=&#8221;.vc_custom_1621546678749{padding-top: 100px !important;padding-bottom: 100px !important;background-color: #eeeeee !important;}&#8221;][vc_row][vc_column width=&#8221;1\/4&#8243;][vc_single_image image=&#8221;3593&#8243; img_size=&#8221;medium&#8221;][\/vc_column][vc_column width=&#8221;3\/4&#8243;][vc_column_text]<\/p>\n<h3>Arnaud Schott &#8211; <em>ADEN Immo GmbH<\/em><\/h3>\n<p><strong>Gesch\u00e4ftsf\u00fchrender Gesellschafter<\/strong><\/p>\n<p>Nach seiner Beratert\u00e4tigkeit bei PwC Consulting und IBM BCS ist Arnaud Schott Gr\u00fcnder und seit 2009 Gesch\u00e4ftsf\u00fchrer von ADEN Immo, einem Maklerunternehmen, das sich auf den Verkauf und die Vermietung von Wohnungen in Berlin sowie den Kauf und Verkauf von Immobilien in Berlin, aber auch in Gro\u00dfst\u00e4dte in den neuen L\u00e4ndern (Leipzig, Dresden, Halle) spezialisiert hat.<br \/>\nDaneben ist Arnaud Schott Vorstandsmitglied des Deutsch-Franz\u00f6sischen Wirtschaftskreises (DFWK) in Berlin.[\/vc_column_text][\/vc_column][\/vc_row][\/vc_section][vc_section full_width=&#8221;stretch_row&#8221; css=&#8221;.vc_custom_1621546696898{padding-top: 100px !important;padding-bottom: 100px !important;}&#8221;][vc_row][vc_column width=&#8221;1\/4&#8243;][vc_single_image image=&#8221;3599&#8243; img_size=&#8221;medium&#8221;][\/vc_column][vc_column width=&#8221;3\/4&#8243;][vc_column_text]<\/p>\n<h3>Laurent Herms &#8211; <em>LH Real Estate GmbH<\/em><\/h3>\n<p><strong>Gesellschafter<\/strong><\/p>\n<p>Als Deutsch-Franzose und geb\u00fcrtiger Berliner verf\u00fcgt Laurent Herms \u00fcber ein beispielloses Netzwerk in der Immobilienwelt, insbesondere in Berlin und allen gr\u00f6\u00dferen St\u00e4dten in den Bundesl\u00e4ndern.<br \/>\nNach dem Abschluss seines Architekturstudiums spezialisierte sich Laurent Herms zun\u00e4chst auf die Entwicklung von Einkaufszentren und anschlie\u00dfend auf den Bau neuer Wohnimmobilien (Bauwert). Nach seinem Wechsel in die Immobilienprojektierung wurde er selbst zum Investor und Eigent\u00fcmer mehrerer Objekte in Berlin und Brandenburg.[\/vc_column_text][\/vc_column][\/vc_row][\/vc_section][vc_section full_width=&#8221;stretch_row&#8221; css=&#8221;.vc_custom_1621546798784{padding-top: 100px !important;padding-bottom: 100px !important;background-color: #eeeeee !important;}&#8221;][vc_row][vc_column width=&#8221;1\/4&#8243;][vc_single_image image=&#8221;3596&#8243; img_size=&#8221;medium&#8221;][\/vc_column][vc_column width=&#8221;3\/4&#8243;][vc_column_text]<\/p>\n<h3>Nicolas Retournard &#8211; <em>under construction GmbH<\/em><\/h3>\n<p><strong>Gesellschafter<\/strong><\/p>\n<p>Nicolas Retournard begann seine Laufbahn in der Immobilienprojektierung bei Nacarat, bevor er sich mit der grenz\u00fcberschreitenden Gesch\u00e4ftsentwicklung der Groupe Rabot Dutilleul befasste \u2013 zuerst in Prag, dann in London und schlie\u00dflich in Berlin, wo er eine deutsche Niederlassung der Gruppe gr\u00fcndete.<br \/>\n2020 gr\u00fcndete er seine eigene Firma \u201eunder construction\u201c, die sich auf das Projektmanagement von Wohnungssanierungen bis hin zu Neubauten spezialisiert hat.<br \/>\nNicolas Retournard ist au\u00dferdem Gr\u00fcnder und Leiter der FICB (Francophiles de l&#8217;Immobilier et de la Construction \u00e0 Berlin).[\/vc_column_text][\/vc_column][\/vc_row][\/vc_section]<\/p>\n","protected":false},"excerpt":{"rendered":"<p>[vc_row css=&#8221;.vc_custom_1622717115350{padding-top: 85px !important;padding-bottom: 0px !important;}&#8221;][vc_column width=&#8221;1\/2&#8243; css=&#8221;.vc_custom_1575381822868{padding-bottom: 30px !important;}&#8221;][\/vc_column][vc_column width=&#8221;1\/2&#8243; css=&#8221;.vc_custom_1575381842338{padding-bottom: 30px !important;}&#8221;][vc_column_text]France Deutschland Development ist der Zusammenschluss drei franz\u00f6sischsprachiger Unternehmen, die seit mehr als 10 Jahren in Deutschland pr\u00e4sent sind und das gesamte Immobilienspektrum abdecken: von der Suche nach einem Grundst\u00fcck oder einer Immobilie \u00fcber den Bau oder die Renovierung bis hin zu&hellip;<\/p>\n","protected":false},"author":1,"featured_media":0,"parent":0,"menu_order":15,"comment_status":"closed","ping_status":"closed","template":"","meta":[],"_links":{"self":[{"href":"https:\/\/www.fra-de.com\/de\/wp-json\/wp\/v2\/pages\/3812"}],"collection":[{"href":"https:\/\/www.fra-de.com\/de\/wp-json\/wp\/v2\/pages"}],"about":[{"href":"https:\/\/www.fra-de.com\/de\/wp-json\/wp\/v2\/types\/page"}],"author":[{"embeddable":true,"href":"https:\/\/www.fra-de.com\/de\/wp-json\/wp\/v2\/users\/1"}],"replies":[{"embeddable":true,"href":"https:\/\/www.fra-de.com\/de\/wp-json\/wp\/v2\/comments?post=3812"}],"version-history":[{"count":12,"href":"https:\/\/www.fra-de.com\/de\/wp-json\/wp\/v2\/pages\/3812\/revisions"}],"predecessor-version":[{"id":3953,"href":"https:\/\/www.fra-de.com\/de\/wp-json\/wp\/v2\/pages\/3812\/revisions\/3953"}],"wp:attachment":[{"href":"https:\/\/www.fra-de.com\/de\/wp-json\/wp\/v2\/media?parent=3812"}],"curies":[{"name":"wp","href":"https:\/\/api.w.org\/{rel}","templated":true}]}}