{"id":3805,"date":"2021-06-08T05:32:14","date_gmt":"2021-06-08T05:32:14","guid":{"rendered":"https:\/\/fdd.webeeline.com\/?page_id=3805"},"modified":"2021-08-13T06:47:53","modified_gmt":"2021-08-13T06:47:53","slug":"philosophie","status":"publish","type":"page","link":"https:\/\/www.fra-de.com\/de\/","title":{"rendered":"Philosophie"},"content":{"rendered":"<p>[vc_row full_width=&#8221;stretch_row&#8221; equal_height=&#8221;yes&#8221; css=&#8221;.vc_custom_1575403409335{padding-top: 70px !important;padding-bottom: 60px !important;background-color: rgba(0,0,0,0.04) !important;*background-color: rgb(0,0,0) !important;}&#8221;][vc_column][vc_row_inner equal_height=&#8221;yes&#8221; content_placement=&#8221;middle&#8221;][vc_column_inner width=&#8221;1\/2&#8243; css=&#8221;.vc_custom_1575403372934{padding-bottom: 30px !important;}&#8221;]<div id=\"ultimate-heading-965269df596e56151\" class=\"uvc-heading ult-adjust-bottom-margin ultimate-heading-965269df596e56151 uvc-4179  uvc-heading-default-font-sizes\" data-hspacer=\"no_spacer\"  data-halign=\"left\" style=\"text-align:left\"><div class=\"uvc-heading-spacer no_spacer\" style=\"top\"><\/div><div class=\"uvc-sub-heading ult-responsive\"  data-ultimate-target='.uvc-heading.ultimate-heading-965269df596e56151 .uvc-sub-heading '  data-responsive-json-new='{\"font-size\":\"desktop:34px;\",\"line-height\":\"desktop:44px;\"}'  style=\"font-weight:bold;color:#222222;\">Frankreich und Deutschland \u2013 so nah, so fern<\/div><\/div>[vc_column_text css=&#8221;.vc_custom_1623065700146{margin-top: 40px !important;}&#8221;]Frankreich und Deutschland sind Nachbarn, Deutschland ist f\u00fcr Frankreich der wichtigste Kunde und Lieferant zugleich, gemeinsam sind sie die Triebfeder Europas. So wie es aussieht, kommen wir uns immer n\u00e4her.<br \/>\n<strong>Und dennoch ist es f\u00fcr franz\u00f6sische Firmen nicht immer einfach, sich in Deutschland zu etablieren. Sprachliche und kulturelle H\u00fcrden stellen sich dabei in den Weg, die h\u00e4ufig schwer zu \u00fcberwinden sind. <\/strong>Nur wenige Franzosen beherrschen die Sprache Goethes, und es ist manchmal einfacher, sich an franz\u00f6sischsprachige Kontakte zu wenden, wenn es darum geht, den deutschen Markt zu verstehen und dort zu investieren oder sich dort unbeschwert niederzulassen.<br \/>\n<strong>Bisher war es schwierig, einen franz\u00f6sischsprachigen Ansprechpartner in Deutschland zu finden, der sowohl die Suche nach Grundst\u00fccken und Immobilien als auch den Bau oder die Renovierung eines Geb\u00e4udes aus einer Hand anbietet.<\/strong><br \/>\nAu\u00dferdem sind Deutschland und Frankreich zwar die allerbesten Handelspartner, die wirtschaftlichen Beziehungen zwischen Frankreich und den ostdeutschen Bundesl\u00e4ndern sind jedoch auch viele Jahre nach dem Mauerfall d\u00fcrftig oder so gut wie gar nicht vorhanden.[\/vc_column_text][\/vc_column_inner][vc_column_inner width=&#8221;1\/2&#8243; css=&#8221;.vc_custom_1575403379152{padding-bottom: 30px !important;}&#8221;][vc_single_image image=&#8221;3610&#8243; img_size=&#8221;large&#8221;][\/vc_column_inner][\/vc_row_inner][\/vc_column][\/vc_row][vc_row equal_height=&#8221;yes&#8221; content_placement=&#8221;middle&#8221; css=&#8221;.vc_custom_1622716075876{padding-top: 60px !important;padding-bottom: 30px !important;}&#8221;][vc_column width=&#8221;1\/2&#8243;][vc_single_image image=&#8221;3613&#8243; img_size=&#8221;large&#8221;][\/vc_column][vc_column width=&#8221;1\/2&#8243;]<div id=\"ultimate-heading-267269df596e56194\" class=\"uvc-heading ult-adjust-bottom-margin ultimate-heading-267269df596e56194 uvc-5674  uvc-heading-default-font-sizes\" data-hspacer=\"no_spacer\"  data-halign=\"left\" style=\"text-align:left\"><div class=\"uvc-heading-spacer no_spacer\" style=\"top\"><\/div><div class=\"uvc-main-heading ult-responsive\"  data-ultimate-target='.uvc-heading.ultimate-heading-267269df596e56194 h3'  data-responsive-json-new='{\"font-size\":\"\",\"line-height\":\"\"}' ><h3 style=\"font-weight:bold;color:#000000;margin-bottom:20px;\">France Deutschland Development, ein zentraler Ansprechpartner f\u00fcr Ihre Niederlassung und Expansion in Deutschland<\/h3><\/div><\/div>[vc_column_text]Ausgehend von dieser Situation \u2013 Sprachbarrieren, kein zentraler franz\u00f6sischsprachiger Ansprechpartner f\u00fcr Grundst\u00fcckserwerb und Bau, geringe Pr\u00e4senz franz\u00f6sischer Unternehmen in den \u00f6stlichen Bundesl\u00e4ndern \u2013 haben wir uns entschlossen, unsere F\u00e4higkeiten und Netzwerke zu b\u00fcndeln und franz\u00f6sischen Firmen und Investoren als erstes Unternehmen mit der erforderlichen sprachlichen Kompetenz beim Grundst\u00fcckskauf und bei der Bebauung zur Seite zu stehen.<br \/>\n<strong>Unser Ziel ist es, f\u00fcr alle Leistungen Ihr zentraler Ansprechpartner zu sein und Ihnen eine umfassende Serviceplattform in franz\u00f6sischer Sprache bereitzustellen!<\/strong>[\/vc_column_text][\/vc_column][\/vc_row][vc_row equal_height=&#8221;yes&#8221; content_placement=&#8221;middle&#8221; css=&#8221;.vc_custom_1622716075876{padding-top: 60px !important;padding-bottom: 30px !important;}&#8221;][vc_column width=&#8221;1\/2&#8243;]<div id=\"ultimate-heading-621269df596e561bf\" class=\"uvc-heading ult-adjust-bottom-margin ultimate-heading-621269df596e561bf uvc-5556  uvc-heading-default-font-sizes\" data-hspacer=\"no_spacer\"  data-halign=\"left\" style=\"text-align:left\"><div class=\"uvc-heading-spacer no_spacer\" style=\"top\"><\/div><div class=\"uvc-main-heading ult-responsive\"  data-ultimate-target='.uvc-heading.ultimate-heading-621269df596e561bf h3'  data-responsive-json-new='{\"font-size\":\"\",\"line-height\":\"\"}' ><h3 style=\"font-weight:bold;color:#000000;margin-bottom:20px;\">Und wie ergeht es den Deutschen in Frankreich?<\/h3><\/div><\/div>[vc_column_text]<\/p>\n<p style=\"text-align: left;\">Viele Deutsche sind daran interessiert, in Frankreich ein Grundst\u00fcck zu kaufen und dort zu bauen. Gerne begleiten wir Sie auch bei Ihren Investitions- und Bauvorhaben in Frankreich.<\/p>\n<p>[\/vc_column_text][\/vc_column][vc_column width=&#8221;1\/2&#8243;][vc_single_image image=&#8221;3489&#8243; img_size=&#8221;large&#8221;][\/vc_column][\/vc_row]<\/p>\n","protected":false},"excerpt":{"rendered":"<p>[vc_row full_width=&#8221;stretch_row&#8221; equal_height=&#8221;yes&#8221; css=&#8221;.vc_custom_1575403409335{padding-top: 70px !important;padding-bottom: 60px !important;background-color: rgba(0,0,0,0.04) !important;*background-color: rgb(0,0,0) !important;}&#8221;][vc_column][vc_row_inner equal_height=&#8221;yes&#8221; content_placement=&#8221;middle&#8221;][vc_column_inner width=&#8221;1\/2&#8243; css=&#8221;.vc_custom_1575403372934{padding-bottom: 30px !important;}&#8221;][vc_column_text css=&#8221;.vc_custom_1623065700146{margin-top: 40px !important;}&#8221;]Frankreich und Deutschland sind Nachbarn, Deutschland ist f\u00fcr Frankreich der wichtigste Kunde und Lieferant zugleich, gemeinsam sind sie die Triebfeder Europas. So wie es aussieht, kommen wir uns immer n\u00e4her. Und dennoch ist es f\u00fcr&hellip;<\/p>\n","protected":false},"author":1,"featured_media":0,"parent":0,"menu_order":0,"comment_status":"closed","ping_status":"closed","template":"","meta":[],"_links":{"self":[{"href":"https:\/\/www.fra-de.com\/de\/wp-json\/wp\/v2\/pages\/3805"}],"collection":[{"href":"https:\/\/www.fra-de.com\/de\/wp-json\/wp\/v2\/pages"}],"about":[{"href":"https:\/\/www.fra-de.com\/de\/wp-json\/wp\/v2\/types\/page"}],"author":[{"embeddable":true,"href":"https:\/\/www.fra-de.com\/de\/wp-json\/wp\/v2\/users\/1"}],"replies":[{"embeddable":true,"href":"https:\/\/www.fra-de.com\/de\/wp-json\/wp\/v2\/comments?post=3805"}],"version-history":[{"count":3,"href":"https:\/\/www.fra-de.com\/de\/wp-json\/wp\/v2\/pages\/3805\/revisions"}],"predecessor-version":[{"id":3907,"href":"https:\/\/www.fra-de.com\/de\/wp-json\/wp\/v2\/pages\/3805\/revisions\/3907"}],"wp:attachment":[{"href":"https:\/\/www.fra-de.com\/de\/wp-json\/wp\/v2\/media?parent=3805"}],"curies":[{"name":"wp","href":"https:\/\/api.w.org\/{rel}","templated":true}]}}